{"id":4162,"date":"2022-10-06T14:30:45","date_gmt":"2022-10-06T14:30:45","guid":{"rendered":"https:\/\/techgoggler.com\/it\/?page_id=4162"},"modified":"2025-10-08T12:54:44","modified_gmt":"2025-10-08T10:54:44","slug":"servizi-alle-imprese-nasce-il-primo-motore-di-ricerca","status":"publish","type":"page","link":"https:\/\/techgoggler.com\/it\/servizi-alle-imprese-nasce-il-primo-motore-di-ricerca\/","title":{"rendered":"Servizi alle Imprese: il primo motore di ricerca dedicato ai servizi"},"content":{"rendered":"<p><img loading=\"lazy\" decoding=\"async\" class=\"alignleft wp-image-11524 size-full\" src=\"https:\/\/techgoggler.com\/it\/wp-content\/uploads\/sites\/2\/2025\/06\/SAI-cover.jpg\" alt=\"SAI | Servizi alle Imprese, Aziende che cercano Aziende\" width=\"1024\" height=\"730\" srcset=\"https:\/\/techgoggler.com\/it\/wp-content\/uploads\/sites\/2\/2025\/06\/SAI-cover.jpg 1024w, https:\/\/techgoggler.com\/it\/wp-content\/uploads\/sites\/2\/2025\/06\/SAI-cover-300x214.jpg 300w, https:\/\/techgoggler.com\/it\/wp-content\/uploads\/sites\/2\/2025\/06\/SAI-cover-768x548.jpg 768w\" sizes=\"auto, (max-width: 1024px) 100vw, 1024px\" \/><\/p>\n<h2>SAI, il motore di ricerca per Imprese che cercano Imprese!<\/h2>\n<p>Tech Goggler \u00e8 in contatto con migliaia di aziende e grazie ai loro suggerimenti ha creato il motore di ricerca SAI: uno strumento pensato per chi vuole offrire i propri servizi e farsi trovare subito da nuovi clienti.<\/p>\n<h2>Scopri in quale settore <a href=\"https:\/\/techgoggler.com\/it\/servizi-alle-imprese\/\" rel=\"noopener\" target=\"_blank\">\u00e8 inserita la tua Impresa<\/a>.<\/h2>\n<p>Pi\u00f9 facile farci trovare dai clienti. Pi\u00f9 opportunit\u00e0\u00a0per\u00a0crescere.<\/p>\n<p>\n<iframe loading=\"lazy\" title=\"Servizi alle Imprese - Il motore di ricerca TechGoggler\" width=\"500\" height=\"375\" src=\"https:\/\/www.youtube.com\/embed\/mR-1EjPwPv4?feature=oembed\" frameborder=\"0\" allow=\"accelerometer; autoplay; clipboard-write; encrypted-media; gyroscope; picture-in-picture; web-share\" referrerpolicy=\"strict-origin-when-cross-origin\" allowfullscreen><\/iframe>\n<\/p>\n<h2>Perch\u00e9 \u00e8 importante la presenza in SAI della tua Impresa o del tuo Studio professionale<\/h2>\n<div class=\"su-list\" style=\"margin-left:0px\">\n<ul>\n<li><i class=\"sui sui-check\" style=\"color:#333\"><\/i> <a href=\"https:\/\/techgoggler.com\/it\/servizi-alle-imprese\/\" target=\"_blank\" rel=\"noopener noreferrer\">Presenza nella directory<\/a> della categoria scelta.<\/li>\n<li><i class=\"sui sui-check\" style=\"color:#333\"><\/i> Creazione della <strong>Scheda Aziendale<\/strong> e dei servizi [<a href=\"https:\/\/techgoggler.com\/it\/servizi-alle-imprese\/epysoft\/\" target=\"_blank\" rel=\"noopener noreferrer\">esempio<\/a>] realizzata dalla nostra redazione con i tuoi contenuti.<\/li>\n<li><i class=\"sui sui-check\" style=\"color:#333\"><\/i> Indicizzazione nel motore di ricerca con le parole-chiave pi\u00f9 importanti.<\/li>\n<li><i class=\"sui sui-check\" style=\"color:#333\"><\/i> Visibilit\u00e0 immediata per chi cerca i tuoi servizi, con filtri per servizio e settore.<\/li>\n<li><i class=\"sui sui-check\" style=\"color:#333\"><\/i> Pubblicazione della Scheda della tua impresa gi\u00e0 ottimizzata per Google.<\/li>\n<li><i class=\"sui sui-check\" style=\"color:#333\"><\/i> Promozione del motore di ricerca su Tech Goggler e il network <a href=\"https:\/\/ode.mobi\/chi-siamo\/\" target=\"_blank\" rel=\"noopener\">ODE<\/a>.<\/li>\n<li><i class=\"sui sui-check\" style=\"color:#333\"><\/i> Promozione della tua Impresa in articoli speciali dedicati alla tua attivit\u00e0.<\/li>\n<\/ul>\n<\/div>\n<h2>Quanto costa?<\/h2>\n<p>Meno di <strong>1 euro al giorno<\/strong> per il primo anno.<\/p>\n<h2>Come fare?<\/h2>\n<p> <a href=\"#comefare\"><\/a><br \/>\n<a name=\"comefare\"><\/a><br \/>\nCompila il form con i tuoi dati e ti ricontattiamo subito.<\/p>\n\n<div class=\"wpcf7 no-js\" id=\"wpcf7-f2142-o1\" lang=\"it-IT\" dir=\"ltr\" data-wpcf7-id=\"2142\">\n<div class=\"screen-reader-response\"><p role=\"status\" aria-live=\"polite\" aria-atomic=\"true\"><\/p> <ul><\/ul><\/div>\n<form action=\"\/it\/wp-json\/wp\/v2\/pages\/4162#wpcf7-f2142-o1\" method=\"post\" class=\"wpcf7-form init\" aria-label=\"Modulo di contatto\" novalidate=\"novalidate\" data-status=\"init\">\n<fieldset class=\"hidden-fields-container\"><input type=\"hidden\" name=\"_wpcf7\" value=\"2142\" \/><input type=\"hidden\" name=\"_wpcf7_version\" value=\"6.1.2\" \/><input type=\"hidden\" name=\"_wpcf7_locale\" value=\"it_IT\" \/><input type=\"hidden\" name=\"_wpcf7_unit_tag\" value=\"wpcf7-f2142-o1\" \/><input type=\"hidden\" name=\"_wpcf7_container_post\" value=\"0\" \/><input type=\"hidden\" name=\"_wpcf7_posted_data_hash\" value=\"\" \/><input type=\"hidden\" name=\"_wpcf7_recaptcha_response\" value=\"\" \/>\n<\/fieldset>\n<p><label> Il tuo nome*<\/label><br \/>\n<span class=\"wpcf7-form-control-wrap\" data-name=\"your-name\"><input size=\"40\" maxlength=\"400\" class=\"wpcf7-form-control wpcf7-text wpcf7-validates-as-required\" aria-required=\"true\" aria-invalid=\"false\" placeholder=\"Nome e Cognome\" value=\"\" type=\"text\" name=\"your-name\" \/><\/span><br \/>\n<label> La tua email*<\/label><br \/>\n<span class=\"wpcf7-form-control-wrap\" data-name=\"your-email\"><input size=\"40\" maxlength=\"400\" class=\"wpcf7-form-control wpcf7-email wpcf7-validates-as-required wpcf7-text wpcf7-validates-as-email\" aria-required=\"true\" aria-invalid=\"false\" placeholder=\"latua@email\" value=\"\" type=\"email\" name=\"your-email\" \/><\/span><br \/>\n<label> Oggetto*<\/label><br \/>\n<span class=\"wpcf7-form-control-wrap\" data-name=\"your-subject\"><input size=\"40\" maxlength=\"400\" class=\"wpcf7-form-control wpcf7-text wpcf7-validates-as-required\" aria-required=\"true\" aria-invalid=\"false\" placeholder=\"Titolo della tua richiesta\" value=\"\" type=\"text\" name=\"your-subject\" \/><\/span><br \/>\n<label> Il tuo messaggio*<\/label><br \/>\n<span class=\"wpcf7-form-control-wrap\" data-name=\"your-message\"><textarea cols=\"40\" rows=\"10\" maxlength=\"2000\" class=\"wpcf7-form-control wpcf7-textarea wpcf7-validates-as-required\" aria-required=\"true\" aria-invalid=\"false\" placeholder=\"La tua richiesta\" name=\"your-message\"><\/textarea><\/span><br \/>\n<span id=\"wpcf7-69e13d0592488-wrapper\" class=\"wpcf7-form-control-wrap honeypot-347-wrap\" style=\"display:none !important; visibility:hidden !important;\"><input type=\"hidden\" name=\"honeypot-347-time-start\" value=\"1776368901\"><input type=\"hidden\" name=\"honeypot-347-time-check\" value=\"4\"><label for=\"form\" class=\"hp-message\">Si prega di lasciare vuoto questo campo.<\/label><input id=\"form\"  class=\"wpcf7-form-control wpcf7-text robo\" type=\"text\" name=\"honeypot-347\" value=\"\" size=\"40\" tabindex=\"-1\" autocomplete=\"new-password\" \/><\/span><br \/>\n<label>Rispondi a questo quiz di sicurezza:<br \/>\n<span class=\"wpcf7-form-control-wrap\" data-name=\"quiz-605\"><label><span class=\"wpcf7-quiz-label\">7 + 3 = ?<\/span> <input size=\"40\" class=\"wpcf7-form-control wpcf7-quiz\" autocomplete=\"off\" aria-required=\"true\" aria-invalid=\"false\" type=\"text\" name=\"quiz-605\" \/><\/label><input type=\"hidden\" name=\"_wpcf7_quiz_answer_quiz-605\" value=\"40d59f2fdf749cc51ef8f7884c149bfe\" \/><\/span> <\/label>\n<\/p>\n<p><span class=\"wpcf7-form-control-wrap\" data-name=\"privacyacceptance-552\"><span class=\"wpcf7-form-control wpcf7-acceptance\"><span class=\"wpcf7-list-item\"><input type=\"checkbox\" name=\"privacyacceptance-552\" value=\"1\" aria-invalid=\"false\" \/><\/span><\/span><\/span>\n\t<font color=\"grey\">Dichiaro di aver letto e approvare la <a href=\"https:\/\/techgoggler.com\/it\/privacy-policy\/\" rel=\"noopener\" target=\"_blank\"><u>Privacy Policy<\/u><\/a> e do il consenso al trattamento dei miei dati per le finalit\u00e0 descritte.\n\t<\/font>\n<\/p>\n<p><br \/>\n<input class=\"wpcf7-form-control wpcf7-submit has-spinner\" type=\"submit\" value=\"Invia\" \/>\n<\/p><div class=\"wpcf7-response-output\" aria-hidden=\"true\"><\/div>\n<\/form>\n<\/div>\n\n<hr \/>\n","protected":false},"excerpt":{"rendered":"<div class=\"mh-excerpt\"><p>Nasce il primo motore di ricerca dedicato a Imprese fornitrici di servizi. Tech Goggler \u00e8 in contatto con migliaia di aziende e spinto dalle loro necessit\u00e0 ha creato il motore di ricerca SAI, lo strumento pensato per PMI che  hanno bisogno di trovare nuovi servizi o vogliono farsi trovare subito da nuovi clienti. SAI, pi\u00f9 strumenti per trovarti, pi\u00f9 opportunit\u00e0 per crescere! <a class=\"mh-excerpt-more\" href=\"https:\/\/techgoggler.com\/it\/servizi-alle-imprese-nasce-il-primo-motore-di-ricerca\/\" title=\"Servizi alle Imprese: il primo motore di ricerca dedicato ai servizi\"><\/a><\/p>\n<\/div>","protected":false},"author":19,"featured_media":0,"parent":0,"menu_order":0,"comment_status":"closed","ping_status":"closed","template":"","meta":{"footnotes":""},"class_list":["post-4162","page","type-page","status-publish"],"yoast_head":"<!-- This site is optimized with the Yoast SEO plugin v25.3 - https:\/\/yoast.com\/wordpress\/plugins\/seo\/ -->\n<title>Servizi alle Imprese: il primo motore di ricerca dedicato ai servizi - the Tech Goggler<\/title>\n<meta name=\"description\" content=\"Tech Goggler ha creato il motore di ricerca SAI, uno strumento pensato per PMI per trovare nuovi servizi e farsi trovare da nuovi clienti.\" \/>\n<meta name=\"robots\" content=\"index, follow, max-snippet:-1, max-image-preview:large, max-video-preview:-1\" \/>\n<link rel=\"canonical\" href=\"https:\/\/techgoggler.com\/it\/servizi-alle-imprese-nasce-il-primo-motore-di-ricerca\/\" \/>\n<meta property=\"og:locale\" content=\"it_IT\" \/>\n<meta property=\"og:type\" content=\"article\" \/>\n<meta property=\"og:title\" content=\"Servizi alle Imprese: il primo motore di ricerca dedicato ai servizi - the Tech Goggler\" \/>\n<meta property=\"og:description\" content=\"Tech Goggler ha creato il motore di ricerca SAI, uno strumento pensato per PMI per trovare nuovi servizi e farsi trovare da nuovi clienti.\" \/>\n<meta property=\"og:url\" content=\"https:\/\/techgoggler.com\/it\/servizi-alle-imprese-nasce-il-primo-motore-di-ricerca\/\" \/>\n<meta property=\"og:site_name\" content=\"the Tech Goggler\" \/>\n<meta property=\"article:modified_time\" content=\"2025-10-08T10:54:44+00:00\" \/>\n<meta property=\"og:image\" content=\"https:\/\/techgoggler.com\/it\/wp-content\/uploads\/sites\/2\/2025\/06\/SAI-cover.jpg\" \/>\n\t<meta property=\"og:image:width\" content=\"1024\" \/>\n\t<meta property=\"og:image:height\" content=\"730\" \/>\n\t<meta property=\"og:image:type\" content=\"image\/jpeg\" \/>\n<meta name=\"twitter:card\" content=\"summary_large_image\" \/>\n<meta name=\"twitter:label1\" content=\"Tempo di lettura stimato\" \/>\n\t<meta name=\"twitter:data1\" content=\"2 minuti\" \/>\n<script type=\"application\/ld+json\" class=\"yoast-schema-graph\">{\"@context\":\"https:\/\/schema.org\",\"@graph\":[{\"@type\":\"AdvertiserContentArticle\",\"@id\":\"https:\/\/techgoggler.com\/it\/servizi-alle-imprese-nasce-il-primo-motore-di-ricerca\/#article\",\"isPartOf\":{\"@id\":\"https:\/\/techgoggler.com\/it\/servizi-alle-imprese-nasce-il-primo-motore-di-ricerca\/\"},\"author\":{\"name\":\"Massimo Bazzo\",\"@id\":\"https:\/\/techgoggler.com\/it\/#\/schema\/person\/6e9098f558880a3d68a0580455a8fd91\"},\"headline\":\"Servizi alle Imprese: il primo motore di ricerca dedicato ai servizi\",\"datePublished\":\"2022-10-06T14:30:45+00:00\",\"dateModified\":\"2025-10-08T10:54:44+00:00\",\"mainEntityOfPage\":{\"@id\":\"https:\/\/techgoggler.com\/it\/servizi-alle-imprese-nasce-il-primo-motore-di-ricerca\/\"},\"wordCount\":214,\"publisher\":{\"@id\":\"https:\/\/techgoggler.com\/it\/#organization\"},\"image\":{\"@id\":\"https:\/\/techgoggler.com\/it\/servizi-alle-imprese-nasce-il-primo-motore-di-ricerca\/#primaryimage\"},\"thumbnailUrl\":\"https:\/\/techgoggler.com\/it\/wp-content\/uploads\/sites\/2\/2025\/06\/SAI-cover.jpg\",\"inLanguage\":\"it-IT\"},{\"@type\":[\"WebPage\",\"AboutPage\"],\"@id\":\"https:\/\/techgoggler.com\/it\/servizi-alle-imprese-nasce-il-primo-motore-di-ricerca\/\",\"url\":\"https:\/\/techgoggler.com\/it\/servizi-alle-imprese-nasce-il-primo-motore-di-ricerca\/\",\"name\":\"Servizi alle Imprese: il primo motore di ricerca dedicato ai servizi - the Tech Goggler\",\"isPartOf\":{\"@id\":\"https:\/\/techgoggler.com\/it\/#website\"},\"primaryImageOfPage\":{\"@id\":\"https:\/\/techgoggler.com\/it\/servizi-alle-imprese-nasce-il-primo-motore-di-ricerca\/#primaryimage\"},\"image\":{\"@id\":\"https:\/\/techgoggler.com\/it\/servizi-alle-imprese-nasce-il-primo-motore-di-ricerca\/#primaryimage\"},\"thumbnailUrl\":\"https:\/\/techgoggler.com\/it\/wp-content\/uploads\/sites\/2\/2025\/06\/SAI-cover.jpg\",\"datePublished\":\"2022-10-06T14:30:45+00:00\",\"dateModified\":\"2025-10-08T10:54:44+00:00\",\"description\":\"Tech Goggler ha creato il motore di ricerca SAI, uno strumento pensato per PMI per trovare nuovi servizi e farsi trovare da nuovi clienti.\",\"breadcrumb\":{\"@id\":\"https:\/\/techgoggler.com\/it\/servizi-alle-imprese-nasce-il-primo-motore-di-ricerca\/#breadcrumb\"},\"inLanguage\":\"it-IT\",\"potentialAction\":[{\"@type\":\"ReadAction\",\"target\":[\"https:\/\/techgoggler.com\/it\/servizi-alle-imprese-nasce-il-primo-motore-di-ricerca\/\"]}]},{\"@type\":\"ImageObject\",\"inLanguage\":\"it-IT\",\"@id\":\"https:\/\/techgoggler.com\/it\/servizi-alle-imprese-nasce-il-primo-motore-di-ricerca\/#primaryimage\",\"url\":\"https:\/\/techgoggler.com\/it\/wp-content\/uploads\/sites\/2\/2025\/06\/SAI-cover.jpg\",\"contentUrl\":\"https:\/\/techgoggler.com\/it\/wp-content\/uploads\/sites\/2\/2025\/06\/SAI-cover.jpg\",\"width\":1024,\"height\":730,\"caption\":\"SAI | Servizi alle Imprese, Aziende che cercano Aziende\"},{\"@type\":\"BreadcrumbList\",\"@id\":\"https:\/\/techgoggler.com\/it\/servizi-alle-imprese-nasce-il-primo-motore-di-ricerca\/#breadcrumb\",\"itemListElement\":[{\"@type\":\"ListItem\",\"position\":1,\"name\":\"Home\",\"item\":\"https:\/\/techgoggler.com\/it\/\"},{\"@type\":\"ListItem\",\"position\":2,\"name\":\"Servizi alle Imprese: il primo motore di ricerca dedicato ai servizi\"}]},{\"@type\":\"WebSite\",\"@id\":\"https:\/\/techgoggler.com\/it\/#website\",\"url\":\"https:\/\/techgoggler.com\/it\/\",\"name\":\"the Tech Goggler\",\"description\":\"Tech for decision makers\",\"publisher\":{\"@id\":\"https:\/\/techgoggler.com\/it\/#organization\"},\"potentialAction\":[{\"@type\":\"SearchAction\",\"target\":{\"@type\":\"EntryPoint\",\"urlTemplate\":\"https:\/\/techgoggler.com\/it\/?s={search_term_string}\"},\"query-input\":{\"@type\":\"PropertyValueSpecification\",\"valueRequired\":true,\"valueName\":\"search_term_string\"}}],\"inLanguage\":\"it-IT\"},{\"@type\":\"Organization\",\"@id\":\"https:\/\/techgoggler.com\/it\/#organization\",\"name\":\"HDEMO SNC\",\"url\":\"https:\/\/techgoggler.com\/it\/\",\"logo\":{\"@type\":\"ImageObject\",\"inLanguage\":\"it-IT\",\"@id\":\"https:\/\/techgoggler.com\/it\/#\/schema\/logo\/image\/\",\"url\":\"https:\/\/techgoggler.com\/it\/wp-content\/uploads\/sites\/2\/2019\/01\/squared.jpg\",\"contentUrl\":\"https:\/\/techgoggler.com\/it\/wp-content\/uploads\/sites\/2\/2019\/01\/squared.jpg\",\"width\":360,\"height\":360,\"caption\":\"HDEMO SNC\"},\"image\":{\"@id\":\"https:\/\/techgoggler.com\/it\/#\/schema\/logo\/image\/\"}},{\"@type\":\"Person\",\"@id\":\"https:\/\/techgoggler.com\/it\/#\/schema\/person\/6e9098f558880a3d68a0580455a8fd91\",\"name\":\"Massimo Bazzo\",\"image\":{\"@type\":\"ImageObject\",\"inLanguage\":\"it-IT\",\"@id\":\"https:\/\/techgoggler.com\/it\/#\/schema\/person\/image\/\",\"url\":\"https:\/\/secure.gravatar.com\/avatar\/d1393e5a94305430ab9fd7d8087b572e6fc82165cbb1d83e7f12a3fbaf636574?s=96&d=mm&r=g\",\"contentUrl\":\"https:\/\/secure.gravatar.com\/avatar\/d1393e5a94305430ab9fd7d8087b572e6fc82165cbb1d83e7f12a3fbaf636574?s=96&d=mm&r=g\",\"caption\":\"Massimo Bazzo\"},\"description\":\"Nato nelle agenzie pubblicitarie, \u00e8 stato assistente al Dipartimento di Architettura e Design del MoMA di New York, Senior Designer Mazware digital a Londra, direttore marketing e comunicazione nella stampa industriale di Europrint, Gruppo Imoco e Sales e Marketing manager per lo sviluppo di mercato europeo per UHI Ltd a Cipro. Membro del Consiglio Consultivo della Harvard Business Review.\",\"sameAs\":[\"https:\/\/www.facebook.com\/MarketingTreviso\/\",\"https:\/\/www.linkedin.com\/in\/massimobazzo\/\"],\"url\":\"https:\/\/techgoggler.com\/it\/author\/massimobazzo\/\"}]}<\/script>\n<!-- \/ Yoast SEO plugin. -->","yoast_head_json":{"title":"Servizi alle Imprese: il primo motore di ricerca dedicato ai servizi - the Tech Goggler","description":"Tech Goggler ha creato il motore di ricerca SAI, uno strumento pensato per PMI per trovare nuovi servizi e farsi trovare da nuovi clienti.","robots":{"index":"index","follow":"follow","max-snippet":"max-snippet:-1","max-image-preview":"max-image-preview:large","max-video-preview":"max-video-preview:-1"},"canonical":"https:\/\/techgoggler.com\/it\/servizi-alle-imprese-nasce-il-primo-motore-di-ricerca\/","og_locale":"it_IT","og_type":"article","og_title":"Servizi alle Imprese: il primo motore di ricerca dedicato ai servizi - the Tech Goggler","og_description":"Tech Goggler ha creato il motore di ricerca SAI, uno strumento pensato per PMI per trovare nuovi servizi e farsi trovare da nuovi clienti.","og_url":"https:\/\/techgoggler.com\/it\/servizi-alle-imprese-nasce-il-primo-motore-di-ricerca\/","og_site_name":"the Tech Goggler","article_modified_time":"2025-10-08T10:54:44+00:00","og_image":[{"width":1024,"height":730,"url":"https:\/\/techgoggler.com\/it\/wp-content\/uploads\/sites\/2\/2025\/06\/SAI-cover.jpg","type":"image\/jpeg"}],"twitter_card":"summary_large_image","twitter_misc":{"Tempo di lettura stimato":"2 minuti"},"schema":{"@context":"https:\/\/schema.org","@graph":[{"@type":"AdvertiserContentArticle","@id":"https:\/\/techgoggler.com\/it\/servizi-alle-imprese-nasce-il-primo-motore-di-ricerca\/#article","isPartOf":{"@id":"https:\/\/techgoggler.com\/it\/servizi-alle-imprese-nasce-il-primo-motore-di-ricerca\/"},"author":{"name":"Massimo Bazzo","@id":"https:\/\/techgoggler.com\/it\/#\/schema\/person\/6e9098f558880a3d68a0580455a8fd91"},"headline":"Servizi alle Imprese: il primo motore di ricerca dedicato ai servizi","datePublished":"2022-10-06T14:30:45+00:00","dateModified":"2025-10-08T10:54:44+00:00","mainEntityOfPage":{"@id":"https:\/\/techgoggler.com\/it\/servizi-alle-imprese-nasce-il-primo-motore-di-ricerca\/"},"wordCount":214,"publisher":{"@id":"https:\/\/techgoggler.com\/it\/#organization"},"image":{"@id":"https:\/\/techgoggler.com\/it\/servizi-alle-imprese-nasce-il-primo-motore-di-ricerca\/#primaryimage"},"thumbnailUrl":"https:\/\/techgoggler.com\/it\/wp-content\/uploads\/sites\/2\/2025\/06\/SAI-cover.jpg","inLanguage":"it-IT"},{"@type":["WebPage","AboutPage"],"@id":"https:\/\/techgoggler.com\/it\/servizi-alle-imprese-nasce-il-primo-motore-di-ricerca\/","url":"https:\/\/techgoggler.com\/it\/servizi-alle-imprese-nasce-il-primo-motore-di-ricerca\/","name":"Servizi alle Imprese: il primo motore di ricerca dedicato ai servizi - the Tech Goggler","isPartOf":{"@id":"https:\/\/techgoggler.com\/it\/#website"},"primaryImageOfPage":{"@id":"https:\/\/techgoggler.com\/it\/servizi-alle-imprese-nasce-il-primo-motore-di-ricerca\/#primaryimage"},"image":{"@id":"https:\/\/techgoggler.com\/it\/servizi-alle-imprese-nasce-il-primo-motore-di-ricerca\/#primaryimage"},"thumbnailUrl":"https:\/\/techgoggler.com\/it\/wp-content\/uploads\/sites\/2\/2025\/06\/SAI-cover.jpg","datePublished":"2022-10-06T14:30:45+00:00","dateModified":"2025-10-08T10:54:44+00:00","description":"Tech Goggler ha creato il motore di ricerca SAI, uno strumento pensato per PMI per trovare nuovi servizi e farsi trovare da nuovi clienti.","breadcrumb":{"@id":"https:\/\/techgoggler.com\/it\/servizi-alle-imprese-nasce-il-primo-motore-di-ricerca\/#breadcrumb"},"inLanguage":"it-IT","potentialAction":[{"@type":"ReadAction","target":["https:\/\/techgoggler.com\/it\/servizi-alle-imprese-nasce-il-primo-motore-di-ricerca\/"]}]},{"@type":"ImageObject","inLanguage":"it-IT","@id":"https:\/\/techgoggler.com\/it\/servizi-alle-imprese-nasce-il-primo-motore-di-ricerca\/#primaryimage","url":"https:\/\/techgoggler.com\/it\/wp-content\/uploads\/sites\/2\/2025\/06\/SAI-cover.jpg","contentUrl":"https:\/\/techgoggler.com\/it\/wp-content\/uploads\/sites\/2\/2025\/06\/SAI-cover.jpg","width":1024,"height":730,"caption":"SAI | Servizi alle Imprese, Aziende che cercano Aziende"},{"@type":"BreadcrumbList","@id":"https:\/\/techgoggler.com\/it\/servizi-alle-imprese-nasce-il-primo-motore-di-ricerca\/#breadcrumb","itemListElement":[{"@type":"ListItem","position":1,"name":"Home","item":"https:\/\/techgoggler.com\/it\/"},{"@type":"ListItem","position":2,"name":"Servizi alle Imprese: il primo motore di ricerca dedicato ai servizi"}]},{"@type":"WebSite","@id":"https:\/\/techgoggler.com\/it\/#website","url":"https:\/\/techgoggler.com\/it\/","name":"the Tech Goggler","description":"Tech for decision makers","publisher":{"@id":"https:\/\/techgoggler.com\/it\/#organization"},"potentialAction":[{"@type":"SearchAction","target":{"@type":"EntryPoint","urlTemplate":"https:\/\/techgoggler.com\/it\/?s={search_term_string}"},"query-input":{"@type":"PropertyValueSpecification","valueRequired":true,"valueName":"search_term_string"}}],"inLanguage":"it-IT"},{"@type":"Organization","@id":"https:\/\/techgoggler.com\/it\/#organization","name":"HDEMO SNC","url":"https:\/\/techgoggler.com\/it\/","logo":{"@type":"ImageObject","inLanguage":"it-IT","@id":"https:\/\/techgoggler.com\/it\/#\/schema\/logo\/image\/","url":"https:\/\/techgoggler.com\/it\/wp-content\/uploads\/sites\/2\/2019\/01\/squared.jpg","contentUrl":"https:\/\/techgoggler.com\/it\/wp-content\/uploads\/sites\/2\/2019\/01\/squared.jpg","width":360,"height":360,"caption":"HDEMO SNC"},"image":{"@id":"https:\/\/techgoggler.com\/it\/#\/schema\/logo\/image\/"}},{"@type":"Person","@id":"https:\/\/techgoggler.com\/it\/#\/schema\/person\/6e9098f558880a3d68a0580455a8fd91","name":"Massimo Bazzo","image":{"@type":"ImageObject","inLanguage":"it-IT","@id":"https:\/\/techgoggler.com\/it\/#\/schema\/person\/image\/","url":"https:\/\/secure.gravatar.com\/avatar\/d1393e5a94305430ab9fd7d8087b572e6fc82165cbb1d83e7f12a3fbaf636574?s=96&d=mm&r=g","contentUrl":"https:\/\/secure.gravatar.com\/avatar\/d1393e5a94305430ab9fd7d8087b572e6fc82165cbb1d83e7f12a3fbaf636574?s=96&d=mm&r=g","caption":"Massimo Bazzo"},"description":"Nato nelle agenzie pubblicitarie, \u00e8 stato assistente al Dipartimento di Architettura e Design del MoMA di New York, Senior Designer Mazware digital a Londra, direttore marketing e comunicazione nella stampa industriale di Europrint, Gruppo Imoco e Sales e Marketing manager per lo sviluppo di mercato europeo per UHI Ltd a Cipro. Membro del Consiglio Consultivo della Harvard Business Review.","sameAs":["https:\/\/www.facebook.com\/MarketingTreviso\/","https:\/\/www.linkedin.com\/in\/massimobazzo\/"],"url":"https:\/\/techgoggler.com\/it\/author\/massimobazzo\/"}]}},"_links":{"self":[{"href":"https:\/\/techgoggler.com\/it\/wp-json\/wp\/v2\/pages\/4162","targetHints":{"allow":["GET"]}}],"collection":[{"href":"https:\/\/techgoggler.com\/it\/wp-json\/wp\/v2\/pages"}],"about":[{"href":"https:\/\/techgoggler.com\/it\/wp-json\/wp\/v2\/types\/page"}],"author":[{"embeddable":true,"href":"https:\/\/techgoggler.com\/it\/wp-json\/wp\/v2\/users\/19"}],"replies":[{"embeddable":true,"href":"https:\/\/techgoggler.com\/it\/wp-json\/wp\/v2\/comments?post=4162"}],"version-history":[{"count":5,"href":"https:\/\/techgoggler.com\/it\/wp-json\/wp\/v2\/pages\/4162\/revisions"}],"predecessor-version":[{"id":11784,"href":"https:\/\/techgoggler.com\/it\/wp-json\/wp\/v2\/pages\/4162\/revisions\/11784"}],"wp:attachment":[{"href":"https:\/\/techgoggler.com\/it\/wp-json\/wp\/v2\/media?parent=4162"}],"curies":[{"name":"wp","href":"https:\/\/api.w.org\/{rel}","templated":true}]}}